{"id":257584,"date":"2025-04-19T00:46:16","date_gmt":"2025-04-19T00:46:16","guid":{"rendered":"https:\/\/cenotedivetour.com\/politica-de-privacidad\/"},"modified":"2026-03-21T02:47:57","modified_gmt":"2026-03-21T02:47:57","slug":"politica-de-privacidad","status":"publish","type":"page","link":"https:\/\/cenotedivetour.com\/es\/politica-de-privacidad\/","title":{"rendered":"POL\u00cdTICA DE PRIVACIDAD"},"content":{"rendered":"<p>[et_pb_section fb_built=\u00bb1&#8243; _builder_version=\u00bb4.27.4&#8243; _module_preset=\u00bbdefault\u00bb background_color=\u00bb#00b3d3&#8243; global_colors_info=\u00bb{}\u00bb][et_pb_row custom_padding_last_edited=\u00bbon|phone\u00bb _builder_version=\u00bb4.27.4&#8243; _module_preset=\u00bbdefault\u00bb background_color=\u00bb#FFFFFF\u00bb custom_margin_tablet=\u00bb\u00bb custom_margin_phone=\u00bb\u00bb custom_margin_last_edited=\u00bbon|desktop\u00bb custom_padding=\u00bb|220px||220px|false|false\u00bb custom_padding_tablet=\u00bb|20px||20px|false|false\u00bb custom_padding_phone=\u00bb|15px||15px|false|false\u00bb global_colors_info=\u00bb{}\u00bb][et_pb_column type=\u00bb4_4&#8243; _builder_version=\u00bb4.27.4&#8243; _module_preset=\u00bbdefault\u00bb global_colors_info=\u00bb{}\u00bb][et_pb_text _builder_version=\u00bb4.27.4&#8243; _module_preset=\u00bbdefault\u00bb text_text_color=\u00bb#00364f\u00bb header_font=\u00bbMontserrat||||||||\u00bb header_text_color=\u00bb#00364f\u00bb header_font_size=\u00bb35px\u00bb header_line_height=\u00bb1.1em\u00bb header_2_text_color=\u00bb#00364f\u00bb header_2_line_height=\u00bb1.3em\u00bb custom_margin=\u00bb15px||||false|false\u00bb header_font_size_tablet=\u00bb35px\u00bb header_font_size_phone=\u00bb28px\u00bb header_font_size_last_edited=\u00bbon|desktop\u00bb header_line_height_tablet=\u00bb1.1em\u00bb header_line_height_phone=\u00bb1.3em\u00bb header_line_height_last_edited=\u00bbon|phone\u00bb global_colors_info=\u00bb{}\u00bb]<\/p>\n<h1 data-start=\"135\" data-end=\"172\" class=\"\" style=\"text-align: left;\">Pol\u00edtica de privacidad<\/h1>\n<h1 data-start=\"135\" data-end=\"172\" class=\"\" style=\"text-align: left;\">Cenote Dive Tour<\/h1>\n<p data-start=\"173\" data-end=\"205\" class=\"\" style=\"text-align: left;\"><strong data-start=\"173\" data-end=\"205\"><\/strong><\/p>\n<p data-start=\"173\" data-end=\"205\" class=\"\"><strong data-start=\"173\" data-end=\"205\">\u00daltima actualizaci\u00f3n: 19 de abril de 2025<\/strong><\/p>\n<p data-start=\"207\" data-end=\"500\" class=\"\">En Cenote Dive Tour, valoramos la confianza de nuestros clientes y visitantes. Por eso nos comprometemos a proteger la informaci\u00f3n personal que compartes con nosotros. Esta Pol\u00edtica de Privacidad explica c\u00f3mo recogemos, utilizamos, almacenamos y protegemos tus datos personales cuando utilizas nuestro sitio web o reservas nuestros servicios.  <\/p>\n<h2 data-start=\"502\" data-end=\"532\" class=\"\">1. Informaci\u00f3n que recogemos<\/h2>\n<p data-start=\"533\" data-end=\"614\" class=\"\">Cuando reservas una excursi\u00f3n o te pones en contacto con nosotros, podemos pedirte la siguiente informaci\u00f3n:<\/p>\n<ul data-start=\"616\" data-end=\"894\">\n<li data-start=\"616\" data-end=\"629\" class=\"\">\n<p data-start=\"618\" data-end=\"629\" class=\"\">Nombre y apellidos<\/p>\n<\/li>\n<li data-start=\"630\" data-end=\"647\" class=\"\">\n<p data-start=\"632\" data-end=\"647\" class=\"\">Direcci\u00f3n de correo electr\u00f3nico<\/p>\n<\/li>\n<li data-start=\"648\" data-end=\"664\" class=\"\">\n<p data-start=\"650\" data-end=\"664\" class=\"\">N\u00famero de tel\u00e9fono<\/p>\n<\/li>\n<li data-start=\"665\" data-end=\"698\" class=\"\">\n<p data-start=\"667\" data-end=\"698\" class=\"\">Pa\u00eds y ciudad de residencia<\/p>\n<\/li>\n<li data-start=\"699\" data-end=\"755\" class=\"\">\n<p data-start=\"701\" data-end=\"755\" class=\"\">Detalles del alojamiento (para coordinar el transporte)<\/p>\n<\/li>\n<li data-start=\"756\" data-end=\"847\" class=\"\">\n<p data-start=\"758\" data-end=\"847\" class=\"\">Informaci\u00f3n de pago (a trav\u00e9s de plataformas seguras como PayPal, Wise, tarjetas de cr\u00e9dito, etc.)<\/p>\n<\/li>\n<li data-start=\"848\" data-end=\"894\" class=\"\">\n<p data-start=\"850\" data-end=\"894\" class=\"\">Nivel de certificaci\u00f3n de buceo (si procede)<\/p>\n<\/li>\n<\/ul>\n<h2 data-start=\"896\" data-end=\"931\" class=\"\">2. C\u00f3mo utilizamos tu informaci\u00f3n<\/h2>\n<p data-start=\"932\" data-end=\"1004\" class=\"\">Utilizamos tus datos personales exclusivamente para los siguientes fines:<\/p>\n<ul data-start=\"1006\" data-end=\"1310\">\n<li data-start=\"1006\" data-end=\"1045\" class=\"\">\n<p data-start=\"1008\" data-end=\"1045\" class=\"\">Para confirmar y gestionar tu reserva.<\/p>\n<\/li>\n<li data-start=\"1046\" data-end=\"1136\" class=\"\">\n<p data-start=\"1048\" data-end=\"1136\" class=\"\">Para coordinar los servicios que has reservado, como el transporte y la log\u00edstica del viaje.<\/p>\n<\/li>\n<li data-start=\"1137\" data-end=\"1202\" class=\"\">\n<p data-start=\"1139\" data-end=\"1202\" class=\"\">Para ponernos en contacto contigo en relaci\u00f3n con cambios o actualizaciones de tu actividad.<\/p>\n<\/li>\n<li data-start=\"1203\" data-end=\"1251\" class=\"\">\n<p data-start=\"1205\" data-end=\"1251\" class=\"\">Emitir facturas o recibos, si se solicitan.<\/p>\n<\/li>\n<li data-start=\"1252\" data-end=\"1310\" class=\"\">\n<p data-start=\"1254\" data-end=\"1310\" class=\"\">Para mejorar la experiencia general del usuario en nuestro sitio web.<\/p>\n<\/li>\n<\/ul>\n<p data-start=\"1312\" data-end=\"1492\" class=\"\">No compartimos, vendemos ni alquilamos tu informaci\u00f3n personal a terceros, excepto cuando es necesario para prestar el servicio (por ejemplo, con proveedores de log\u00edstica o gu\u00edas certificados).<\/p>\n<h2 data-start=\"1494\" data-end=\"1515\" class=\"\">3. Seguridad de los datos<\/h2>\n<p data-start=\"1516\" data-end=\"1784\" class=\"\">Tomamos medidas t\u00e9cnicas y administrativas razonables para proteger tus datos personales. Sin embargo, ning\u00fan sistema es completamente infalible. Las transacciones realizadas a trav\u00e9s de plataformas externas como PayPal o Wise est\u00e1n protegidas por las pol\u00edticas de seguridad de dichas plataformas.  <\/p>\n<h2 data-start=\"1786\" data-end=\"1815\" class=\"\">4. Tus derechos como usuario<\/h2>\n<p data-start=\"1816\" data-end=\"1865\" class=\"\">Como propietario de tus datos, tienes derecho a:<\/p>\n<ul data-start=\"1867\" data-end=\"2118\">\n<li data-start=\"1867\" data-end=\"1921\" class=\"\">\n<p data-start=\"1869\" data-end=\"1921\" class=\"\">Acceder a la informaci\u00f3n personal que tenemos sobre ti.<\/p>\n<\/li>\n<li data-start=\"1922\" data-end=\"1957\" class=\"\">\n<p data-start=\"1924\" data-end=\"1957\" class=\"\">Solicita correcciones o actualizaciones.<\/p>\n<\/li>\n<li data-start=\"1958\" data-end=\"2027\" class=\"\">\n<p data-start=\"1960\" data-end=\"2027\" class=\"\">Solicitar la supresi\u00f3n de tus datos cuando ya no sean necesarios.<\/p>\n<\/li>\n<li data-start=\"2028\" data-end=\"2118\" class=\"\">\n<p data-start=\"2030\" data-end=\"2118\" class=\"\">Retirar tu consentimiento en cualquier momento (lo que puede afectar a tu capacidad para utilizar nuestros servicios).<\/p>\n<\/li>\n<\/ul>\n<p data-start=\"2120\" data-end=\"2257\" class=\"\">Para ejercer cualquiera de estos derechos, puedes ponerte en contacto con nosotros en <strong data-start=\"2175\" data-end=\"2202\"><a data-start=\"2177\" data-end=\"2200\" rel=\"noopener\">info@cenotedivetour.com<\/a><\/strong> o directamente a trav\u00e9s del chat disponible en nuestro sitio web.<\/p>\n<h2 data-start=\"2259\" data-end=\"2307\" class=\"\">5. Uso de cookies y tecnolog\u00edas de seguimiento<\/h2>\n<p data-start=\"2308\" data-end=\"2511\" class=\"\">Nuestro sitio web puede utilizar cookies para mejorar tu experiencia de navegaci\u00f3n y analizar el comportamiento del usuario. Estas cookies no recogen informaci\u00f3n sensible. Puedes controlar o desactivar las cookies en la configuraci\u00f3n de tu navegador.  <\/p>\n<h2 data-start=\"2513\" data-end=\"2543\" class=\"\">6. Cambios en esta pol\u00edtica<\/h2>\n<p data-start=\"2544\" data-end=\"2742\" class=\"\">Nos reservamos el derecho a modificar esta Pol\u00edtica de Privacidad en cualquier momento. Te recomendamos que compruebes esta secci\u00f3n peri\u00f3dicamente. Cualquier modificaci\u00f3n entrar\u00e1 en vigor tan pronto como se publique en el sitio web.  <\/p>\n<h2 data-start=\"2744\" data-end=\"2759\" class=\"\">7. Contacta con<\/h2>\n<p data-start=\"2760\" data-end=\"2860\" class=\"\">Si tienes alguna pregunta, duda o solicitud relacionada con esta pol\u00edtica, puedes ponerte en contacto con nosotros a trav\u00e9s de:<\/p>\n<p data-start=\"2862\" data-end=\"3001\" class=\"\"><strong data-start=\"2862\" data-end=\"2872\">Correo electr\u00f3nico:<\/strong> <a data-start=\"2873\" data-end=\"2896\" href=\"mailto:info@cenotedivetour.com\">info@cenotedivetour.com<\/a><br data-start=\"2896\" data-end=\"2899\"><strong data-start=\"2899\" data-end=\"2908\">N\u00famero de tel\u00e9fono:<\/strong> +52 552 701 1330<br data-start=\"2946\" data-end=\"2949\"><strong data-start=\"2899\" data-end=\"2908\">Chat:<\/strong> a trav\u00e9s del chat disponible en nuestro sitio web<br data-start=\"2946\" data-end=\"2949\"><strong data-start=\"2949\" data-end=\"2962\">Ubicaci\u00f3n:<\/strong> Playa del Carmen, Quintana Roo, M\u00e9xico<\/p>\n<p data-start=\"2862\" data-end=\"3001\" class=\"\">[\/et_pb_text][\/et_pb_column][\/et_pb_row][et_pb_row column_structure=\u00bb1_2,1_2&#8243; use_custom_gutter=\u00bbon\u00bb make_equal=\u00bbon\u00bb custom_padding_last_edited=\u00bbon|tablet\u00bb disabled_on=\u00bboff|off|off\u00bb module_id=\u00bbcontacto\u00bb _builder_version=\u00bb4.27.4&#8243; _module_preset=\u00bbdefault\u00bb background_color=\u00bb#00364f\u00bb width=\u00bb100%\u00bb max_width=\u00bb100%\u00bb custom_padding=\u00bb54px|10%|54px|10%|true|true\u00bb custom_padding_tablet=\u00bb40px||40px||true|true\u00bb custom_padding_phone=\u00bb30px||30px||true|true\u00bb border_width_top=\u00bb1px\u00bb border_color_top=\u00bb#00b3d3&#8243; border_width_bottom=\u00bb1px\u00bb border_color_bottom=\u00bb#00b3d3&#8243; global_colors_info=\u00bb{}\u00bb theme_builder_area=\u00bbpost_content\u00bb][et_pb_column type=\u00bb1_2&#8243; _builder_version=\u00bb4.27.4&#8243; _module_preset=\u00bbdefault\u00bb global_colors_info=\u00bb{}\u00bb theme_builder_area=\u00bbpost_content\u00bb][et_pb_image src=\u00bbhttps:\/\/cenotedivetour.com\/wp-content\/uploads\/2025\/03\/cenote-kukulkan-buceo-luz-natural-ivan-garcia.webp\u00bb alt=\u00bbBuceo en cenotes Chac Mool y Kukulk\u00e1n \u2014 luz natural y haloclina en la Riviera Maya\u00bb title_text=\u00bbBuceo en Cenotes Chac Mool y Kukulk\u00e1n | Luz natural y haloclina\u00bb _builder_version=\u00bb4.27.4&#8243; _module_preset=\u00bbdefault\u00bb global_colors_info=\u00bb{}\u00bb theme_builder_area=\u00bbpost_content\u00bb][\/et_pb_image][et_pb_text admin_label=\u00bbFeel Free To Contact Us\u00bb module_id=\u00bbformulario\u00bb _builder_version=\u00bb4.27.4&#8243; _module_preset=\u00bb_initial\u00bb text_text_color=\u00bb#FFFFFF\u00bb header_font=\u00bbMontserrat||||||||\u00bb header_text_color=\u00bb#00b3d3&#8243; header_font_size=\u00bb33px\u00bb header_2_font=\u00bbMontserrat|300|||||||\u00bb header_2_text_color=\u00bb#00b3d3&#8243; header_2_font_size=\u00bb40px\u00bb header_2_line_height=\u00bb1.3em\u00bb header_3_font=\u00bbMontserrat|700|||||||\u00bb header_3_text_color=\u00bb#00b3d3&#8243; header_3_font_size=\u00bb32px\u00bb header_3_line_height=\u00bb1.2em\u00bb header_4_font=\u00bbMontserrat||||||||\u00bb header_4_text_color=\u00bb#FFFFFF\u00bb header_4_font_size=\u00bb33px\u00bb header_6_line_height=\u00bb1.3em\u00bb custom_margin=\u00bb|10%|10px|10%|false|false\u00bb custom_margin_tablet=\u00bb||10px||false|false\u00bb custom_margin_phone=\u00bb||-30px||false|false\u00bb custom_margin_last_edited=\u00bbon|phone\u00bb custom_padding=\u00bb||1px|||\u00bb custom_padding_tablet=\u00bb||1px|||\u00bb custom_padding_phone=\u00bb||0px||false|false\u00bb custom_padding_last_edited=\u00bbon|phone\u00bb hover_enabled=\u00bb0&#8243; header_font_size_tablet=\u00bb50px\u00bb header_font_size_phone=\u00bb40px\u00bb header_font_size_last_edited=\u00bbon|phone\u00bb header_2_font_size_tablet=\u00bb40px\u00bb header_2_font_size_phone=\u00bb30px\u00bb header_2_font_size_last_edited=\u00bbon|phone\u00bb header_3_font_size_tablet=\u00bb32px\u00bb header_3_font_size_phone=\u00bb28px\u00bb header_3_font_size_last_edited=\u00bbon|phone\u00bb locked=\u00bboff\u00bb global_colors_info=\u00bb{}\u00bb theme_builder_area=\u00bbpost_content\u00bb sticky_enabled=\u00bb0&#8243;]<\/p>\n<h2>\u00bfDudas sobre tus datos o privacidad?<\/h2>\n<p data-start=\"1196\" data-end=\"1265\">Tu informaci\u00f3n es importante y la tratamos con total responsabilidad.<\/p>\n<p data-start=\"1267\" data-end=\"1435\">Si tienes preguntas sobre c\u00f3mo usamos tus datos, deseas modificarlos o eliminarlos, puedes contactarnos directamente y atenderemos tu solicitud de forma clara y r\u00e1pida.<\/p>\n<p data-start=\"1596\" data-end=\"1615\">[\/et_pb_text][et_pb_divider color=\u00bb#00b3d3&#8243; disabled_on=\u00bboff|off|on\u00bb _builder_version=\u00bb4.27.4&#8243; _module_preset=\u00bbdefault\u00bb custom_margin=\u00bb50px||||false|false\u00bb custom_padding=\u00bb||||false|false\u00bb global_colors_info=\u00bb{}\u00bb theme_builder_area=\u00bbpost_content\u00bb][\/et_pb_divider][\/et_pb_column][et_pb_column type=\u00bb1_2&#8243; _builder_version=\u00bb4.16&#8243; _module_preset=\u00bbdefault\u00bb global_colors_info=\u00bb{}\u00bb theme_builder_area=\u00bbpost_content\u00bb][et_pb_contact_form captcha=\u00bboff\u00bb email=\u00bbinfo@cenotedivetour.com\u00bb title=\u00bbTu informaci\u00f3n, con total transparencia\u00bb custom_message=\u00bbNew website message Cenote Dive Tour||et_pb_line_break_holder||INICIO PAGE||et_pb_line_break_holder||||et_pb_line_break_holder||Nombre: %%Nombre%%||et_pb_line_break_holder||Correo electr\u00f3nico: %%Correo electr\u00f3nico%%||et_pb_line_break_holder||Mensaje: %%Mensaje%%||et_pb_line_break_holder||Tel\u00e9fono: %%Tel\u00e9fono%%\u00bb success_message=\u00bbGracias por contactarnos. Alguien te responder\u00e1 en breve.\u00bb submit_button_text=\u00bbSolicitar informaci\u00f3n\u00bb _builder_version=\u00bb4.27.4&#8243; _module_preset=\u00bbdefault\u00bb _unique_id=\u00bbformulario-inicio-espanol\u00bb form_field_background_color=\u00bbRGBA(255,255,255,0)\u00bb form_field_text_color=\u00bb#ffffff\u00bb form_field_focus_background_color=\u00bbRGBA(255,255,255,0)\u00bb form_field_focus_text_color=\u00bb#00b3d3&#8243; title_level=\u00bbh3&#8243; title_font=\u00bbMontserrat|300|||||||\u00bb title_text_color=\u00bb#00b3d3&#8243; title_font_size=\u00bb40px\u00bb title_line_height=\u00bb1.3em\u00bb captcha_font=\u00bbMontserrat||||||||\u00bb captcha_text_color=\u00bb#FFFFFF\u00bb form_field_font=\u00bbMontserrat|500|||||||\u00bb form_field_font_size=\u00bb15px\u00bb custom_button=\u00bbon\u00bb button_text_color=\u00bb#ffffff\u00bb button_bg_color=\u00bbRGBA(255,255,255,0)\u00bb button_border_color=\u00bb#ffffff\u00bb button_border_radius=\u00bb1px\u00bb custom_margin=\u00bb15%|10%||10%|false|false\u00bb custom_margin_tablet=\u00bb15%|10%||10%|false|false\u00bb custom_margin_phone=\u00bb15%|0%||0%|false|false\u00bb custom_margin_last_edited=\u00bbon|desktop\u00bb hover_enabled=\u00bb0&#8243; border_width_all=\u00bb1px\u00bb border_color_all=\u00bb#00b3d3&#8243; global_colors_info=\u00bb{}\u00bb button_bg_color__hover_enabled=\u00bbon|hover\u00bb button_bg_color__hover=\u00bb\u00bb button_bg_enable_color__hover=\u00bboff\u00bb button_text_color__hover_enabled=\u00bbon|desktop\u00bb button_text_color__hover=\u00bb#00b3d3&#8243; button_border_color__hover_enabled=\u00bbon|hover\u00bb button_border_color__hover=\u00bb#00b3d3&#8243; theme_builder_area=\u00bbpost_content\u00bb sticky_enabled=\u00bb0&#8243;][et_pb_contact_field field_id=\u00bbNombre\u00bb field_title=\u00bbNombre\u00bb _builder_version=\u00bb4.27.4&#8243; _module_preset=\u00bbdefault\u00bb global_colors_info=\u00bb{}\u00bb button_text_size__hover_enabled=\u00bboff\u00bb button_one_text_size__hover_enabled=\u00bboff\u00bb button_two_text_size__hover_enabled=\u00bboff\u00bb button_text_color__hover_enabled=\u00bboff\u00bb button_one_text_color__hover_enabled=\u00bboff\u00bb button_two_text_color__hover_enabled=\u00bboff\u00bb button_border_width__hover_enabled=\u00bboff\u00bb button_one_border_width__hover_enabled=\u00bboff\u00bb button_two_border_width__hover_enabled=\u00bboff\u00bb button_border_color__hover_enabled=\u00bboff\u00bb button_one_border_color__hover_enabled=\u00bboff\u00bb button_two_border_color__hover_enabled=\u00bboff\u00bb button_border_radius__hover_enabled=\u00bboff\u00bb button_one_border_radius__hover_enabled=\u00bboff\u00bb button_two_border_radius__hover_enabled=\u00bboff\u00bb button_letter_spacing__hover_enabled=\u00bboff\u00bb button_one_letter_spacing__hover_enabled=\u00bboff\u00bb button_two_letter_spacing__hover_enabled=\u00bboff\u00bb button_bg_color__hover_enabled=\u00bboff\u00bb button_one_bg_color__hover_enabled=\u00bboff\u00bb button_two_bg_color__hover_enabled=\u00bboff\u00bb theme_builder_area=\u00bbpost_content\u00bb][\/et_pb_contact_field][et_pb_contact_field field_id=\u00bbCorreo electr\u00f3nico\u00bb field_title=\u00bbCorreo electr\u00f3nico\u00bb field_type=\u00bbemail\u00bb _builder_version=\u00bb4.27.4&#8243; _module_preset=\u00bbdefault\u00bb global_colors_info=\u00bb{}\u00bb button_text_size__hover_enabled=\u00bboff\u00bb button_one_text_size__hover_enabled=\u00bboff\u00bb button_two_text_size__hover_enabled=\u00bboff\u00bb button_text_color__hover_enabled=\u00bboff\u00bb button_one_text_color__hover_enabled=\u00bboff\u00bb button_two_text_color__hover_enabled=\u00bboff\u00bb button_border_width__hover_enabled=\u00bboff\u00bb button_one_border_width__hover_enabled=\u00bboff\u00bb button_two_border_width__hover_enabled=\u00bboff\u00bb button_border_color__hover_enabled=\u00bboff\u00bb button_one_border_color__hover_enabled=\u00bboff\u00bb button_two_border_color__hover_enabled=\u00bboff\u00bb button_border_radius__hover_enabled=\u00bboff\u00bb button_one_border_radius__hover_enabled=\u00bboff\u00bb button_two_border_radius__hover_enabled=\u00bboff\u00bb button_letter_spacing__hover_enabled=\u00bboff\u00bb button_one_letter_spacing__hover_enabled=\u00bboff\u00bb button_two_letter_spacing__hover_enabled=\u00bboff\u00bb button_bg_color__hover_enabled=\u00bboff\u00bb button_one_bg_color__hover_enabled=\u00bboff\u00bb button_two_bg_color__hover_enabled=\u00bboff\u00bb theme_builder_area=\u00bbpost_content\u00bb][\/et_pb_contact_field][et_pb_contact_field field_id=\u00bbTel\u00e9fono\u00bb field_title=\u00bbTel\u00e9fono\u00bb fullwidth_field=\u00bbon\u00bb _builder_version=\u00bb4.27.4&#8243; _module_preset=\u00bbdefault\u00bb global_colors_info=\u00bb{}\u00bb theme_builder_area=\u00bbpost_content\u00bb][\/et_pb_contact_field][et_pb_contact_field field_id=\u00bbMensaje\u00bb field_title=\u00bbMensaje\u00bb field_type=\u00bbtext\u00bb fullwidth_field=\u00bbon\u00bb _builder_version=\u00bb4.27.4&#8243; _module_preset=\u00bbdefault\u00bb global_colors_info=\u00bb{}\u00bb button_text_size__hover_enabled=\u00bboff\u00bb button_one_text_size__hover_enabled=\u00bboff\u00bb button_two_text_size__hover_enabled=\u00bboff\u00bb button_text_color__hover_enabled=\u00bboff\u00bb button_one_text_color__hover_enabled=\u00bboff\u00bb button_two_text_color__hover_enabled=\u00bboff\u00bb button_border_width__hover_enabled=\u00bboff\u00bb button_one_border_width__hover_enabled=\u00bboff\u00bb button_two_border_width__hover_enabled=\u00bboff\u00bb button_border_color__hover_enabled=\u00bboff\u00bb button_one_border_color__hover_enabled=\u00bboff\u00bb button_two_border_color__hover_enabled=\u00bboff\u00bb button_border_radius__hover_enabled=\u00bboff\u00bb button_one_border_radius__hover_enabled=\u00bboff\u00bb button_two_border_radius__hover_enabled=\u00bboff\u00bb button_letter_spacing__hover_enabled=\u00bboff\u00bb button_one_letter_spacing__hover_enabled=\u00bboff\u00bb button_two_letter_spacing__hover_enabled=\u00bboff\u00bb button_bg_color__hover_enabled=\u00bboff\u00bb button_one_bg_color__hover_enabled=\u00bboff\u00bb button_two_bg_color__hover_enabled=\u00bboff\u00bb theme_builder_area=\u00bbpost_content\u00bb][\/et_pb_contact_field][\/et_pb_contact_form][\/et_pb_column][\/et_pb_row][\/et_pb_section]<\/p>\n","protected":false},"excerpt":{"rendered":"<p>Pol\u00edtica de privacidad Cenote Dive Tour \u00daltima actualizaci\u00f3n: 19 de abril de 2025 En Cenote Dive Tour, valoramos la confianza de nuestros clientes y visitantes. Por eso nos comprometemos a proteger la informaci\u00f3n personal que compartes con nosotros. Esta Pol\u00edtica de Privacidad explica c\u00f3mo recogemos, utilizamos, almacenamos y protegemos tus datos personales cuando utilizas nuestro [&hellip;]<\/p>\n","protected":false},"author":1,"featured_media":0,"parent":0,"menu_order":0,"comment_status":"closed","ping_status":"closed","template":"","meta":{"_acf_changed":false,"_et_pb_use_builder":"on","_et_pb_old_content":"","_et_gb_content_width":"","footnotes":""},"class_list":["post-257584","page","type-page","status-publish","hentry"],"acf":[],"_links":{"self":[{"href":"https:\/\/cenotedivetour.com\/es\/wp-json\/wp\/v2\/pages\/257584","targetHints":{"allow":["GET"]}}],"collection":[{"href":"https:\/\/cenotedivetour.com\/es\/wp-json\/wp\/v2\/pages"}],"about":[{"href":"https:\/\/cenotedivetour.com\/es\/wp-json\/wp\/v2\/types\/page"}],"author":[{"embeddable":true,"href":"https:\/\/cenotedivetour.com\/es\/wp-json\/wp\/v2\/users\/1"}],"replies":[{"embeddable":true,"href":"https:\/\/cenotedivetour.com\/es\/wp-json\/wp\/v2\/comments?post=257584"}],"version-history":[{"count":10,"href":"https:\/\/cenotedivetour.com\/es\/wp-json\/wp\/v2\/pages\/257584\/revisions"}],"predecessor-version":[{"id":261151,"href":"https:\/\/cenotedivetour.com\/es\/wp-json\/wp\/v2\/pages\/257584\/revisions\/261151"}],"wp:attachment":[{"href":"https:\/\/cenotedivetour.com\/es\/wp-json\/wp\/v2\/media?parent=257584"}],"curies":[{"name":"wp","href":"https:\/\/api.w.org\/{rel}","templated":true}]}}